{"id":88,"date":"2021-10-18T20:38:56","date_gmt":"2021-10-18T20:38:56","guid":{"rendered":"https:\/\/iwsgp.com\/wp\/home\/"},"modified":"2024-11-30T20:20:45","modified_gmt":"2024-11-30T20:20:45","slug":"home","status":"publish","type":"page","link":"https:\/\/iwsgp.com\/quote\/","title":{"rendered":"Home"},"content":{"rendered":"<h1>Somos expertos en corte con chorro de agua<\/h1>\n<p><script \n  src=\"https:\/\/offerbutton.com\/embed.js\" \n  data-site-url=\"https:\/\/offerbutton.com\"\n  data-company-id=\"4fe51f72-3e79-4e97-acc0-623ad98d6bbe\" \n  data-position=\"bottom-right\" \n  data-fade-in=\"true\" \n  data-default-show-button=\"false\">\n<\/script><\/p>\n<p><a role=\"button\"><\/p>\n<p>Cotiza ahora<br \/>\n<\/a><br \/>\n<div style=\"width: 640px;\" class=\"wp-video\"><video class=\"wp-video-shortcode\" id=\"video-88-1\" width=\"640\" height=\"360\" preload=\"metadata\" controls=\"controls\"><source type=\"video\/mp4\" src=\"https:\/\/iwsgp.com\/quote\/wp-content\/uploads\/2021\/10\/Video-Corte-Web-1-comprimido.mp4?_=1\" \/><a href=\"https:\/\/iwsgp.com\/quote\/wp-content\/uploads\/2021\/10\/Video-Corte-Web-1-comprimido.mp4\">https:\/\/iwsgp.com\/quote\/wp-content\/uploads\/2021\/10\/Video-Corte-Web-1-comprimido.mp4<\/a><\/video><\/div><\/p>\n<p><img loading=\"lazy\" decoding=\"async\" src=\"https:\/\/iwsgp.com\/quote\/wp-content\/uploads\/2021\/10\/waterjet7.jpeg\" sizes=\"auto, (max-width: 554px) 100vw, 554px\" srcset=\"https:\/\/iwsgp.com\/quote\/wp-content\/uploads\/2021\/10\/waterjet7.jpeg 554w, https:\/\/iwsgp.com\/quote\/wp-content\/uploads\/2021\/10\/waterjet7-300x300.jpeg 300w, https:\/\/iwsgp.com\/quote\/wp-content\/uploads\/2021\/10\/waterjet7-150x150.jpeg 150w\" alt=\"\" width=\"554\" height=\"554\" \/><\/p>\n<h2>Lo que ves es lo que obtienes<\/h2>\n<p>Te aseguramos satisfacci\u00f3n en todos tus trabajos, contamos con diferentes calidades.<\/p>\n<p><a role=\"button\"><\/p>\n<p>\u00bfQuieres saber m\u00e1s?<br \/>\n<\/a><\/p>\n<h2>Lo que podemos hacer por ti<\/h2>\n<p>Aqu\u00ed te decimos los servicios m\u00e1s populares<\/p>\n<figure><img loading=\"lazy\" decoding=\"async\" src=\"https:\/\/iwsgp.com\/quote\/wp-content\/uploads\/2021\/10\/waterjet6.jpeg\" alt=\"\" width=\"585\" height=\"524\" \/><\/figure>\n<h3>Corte con chorro de agua<\/h3>\n<p>\u00a1Cortamos todo!<\/p>\n<figure><img loading=\"lazy\" decoding=\"async\" src=\"https:\/\/iwsgp.com\/quote\/wp-content\/uploads\/2021\/10\/pieza3.jpeg\" alt=\"\" width=\"230\" height=\"219\" \/><\/figure>\n<h3>Dise\u00f1o<\/h3>\n<p>\u00bfA\u00fan no tienes el dise\u00f1o?<br \/>\nNosotros te ayudamos<\/p>\n<figure><img decoding=\"async\" title=\"nesting3\" src=\"https:\/\/iwsgp.com\/quote\/wp-content\/uploads\/elementor\/thumbs\/nesting3-q2pbib28583k9mnfxtkpw55lgvg8a1i53loz8fff6k.jpeg\" alt=\"nesting3\" \/><\/figure>\n<h3>Nesteo de piezas<\/h3>\n<p>Nuestro equipo optimizar\u00e1 tu material para obtener la mayor cantidad de piezas<\/p>\n<figure><img decoding=\"async\" title=\"flash1\" src=\"https:\/\/iwsgp.com\/quote\/wp-content\/uploads\/elementor\/thumbs\/flash1-q2pbib28583k9mnfxtkpw55lgvg8a1i53loz8fff9w.jpeg\" alt=\"flash1\" \/><\/figure>\n<h3>Trabajos urgentes<\/h3>\n<p>Contamos con horarios flexibles para ayudarte en tus entregas<\/p>\n<p><a role=\"button\" href=\"https:\/\/iwsgp.com\/catalogo\/\" target=\"_blank\" rel=\"noopener\"><\/p>\n<p>Ve nuestra maquinaria<br \/>\n<\/a><\/p>\n<h2>Nuestros diferenciadores<\/h2>\n<h2>Reportes diarios<\/h2>\n<p>Siempre tendr\u00e1s informaci\u00f3n de tu trabajo de corte<\/p>\n<h2>Precios bajos<\/h2>\n<p>Te aseguramos el precio m\u00e1s bajo del mercado<\/p>\n<h2>Soporte<\/h2>\n<p>Nuestro equipo siempre est\u00e1 disponible para ti<\/p>\n<h3>Elecci\u00f3n de material<\/h3>\n<p>Nuestros ingenieros tienen la experiencia que necesitas para elegir el mejor material<\/p>\n<p>0<br \/>\nPiezas cortadas<br \/>\n0<br \/>\nClientes satisfechos<\/p>\n<p>0<br \/>\nEnv\u00edos<\/p>\n","protected":false},"excerpt":{"rendered":"<p>Somos expertos en corte con chorro de agua Cotiza ahora https:\/\/iwsgp.com\/quote\/wp-content\/uploads\/2021\/10\/Video-Corte-Web-1-comprimido.mp4 Lo que ves es lo que obtienes Te aseguramos satisfacci\u00f3n en todos tus trabajos, contamos con diferentes calidades. \u00bfQuieres saber m\u00e1s? Lo que podemos hacer por ti Aqu\u00ed te decimos los servicios m\u00e1s populares Corte con chorro de agua \u00a1Cortamos todo! Dise\u00f1o \u00bfA\u00fan no &hellip;<\/p>\n<p class=\"read-more\"> <a class=\"\" href=\"https:\/\/iwsgp.com\/quote\/\"> <span class=\"screen-reader-text\">Home<\/span> Read More &raquo;<\/a><\/p>\n","protected":false},"author":1,"featured_media":0,"parent":0,"menu_order":0,"comment_status":"closed","ping_status":"closed","template":"","meta":{"footnotes":""},"class_list":["post-88","page","type-page","status-publish","hentry"],"yoast_head":"<!-- This site is optimized with the Yoast SEO plugin v20.1 - https:\/\/yoast.com\/wordpress\/plugins\/seo\/ -->\n<title>Home - iwsgp<\/title>\n<meta name=\"robots\" content=\"index, follow, max-snippet:-1, max-image-preview:large, max-video-preview:-1\" \/>\n<link rel=\"canonical\" href=\"https:\/\/iwsgp.com\/quote\/\" \/>\n<meta property=\"og:locale\" content=\"en_US\" \/>\n<meta property=\"og:type\" content=\"article\" \/>\n<meta property=\"og:title\" content=\"Home - iwsgp\" \/>\n<meta property=\"og:description\" content=\"Somos expertos en corte con chorro de agua Cotiza ahora https:\/\/iwsgp.com\/quote\/wp-content\/uploads\/2021\/10\/Video-Corte-Web-1-comprimido.mp4 Lo que ves es lo que obtienes Te aseguramos satisfacci\u00f3n en todos tus trabajos, contamos con diferentes calidades. \u00bfQuieres saber m\u00e1s? Lo que podemos hacer por ti Aqu\u00ed te decimos los servicios m\u00e1s populares Corte con chorro de agua \u00a1Cortamos todo! Dise\u00f1o \u00bfA\u00fan no &hellip; Home Read More &raquo;\" \/>\n<meta property=\"og:url\" content=\"https:\/\/iwsgp.com\/quote\/\" \/>\n<meta property=\"og:site_name\" content=\"iwsgp\" \/>\n<meta property=\"article:modified_time\" content=\"2024-11-30T20:20:45+00:00\" \/>\n<meta property=\"og:image\" content=\"https:\/\/iwsgp.com\/quote\/wp-content\/uploads\/2021\/10\/waterjet7.jpeg\" \/>\n<meta name=\"twitter:card\" content=\"summary_large_image\" \/>\n<meta name=\"twitter:label1\" content=\"Est. reading time\" \/>\n\t<meta name=\"twitter:data1\" content=\"2 minutes\" \/>\n<script type=\"application\/ld+json\" class=\"yoast-schema-graph\">{\"@context\":\"https:\/\/schema.org\",\"@graph\":[{\"@type\":\"WebPage\",\"@id\":\"https:\/\/iwsgp.com\/quote\/\",\"url\":\"https:\/\/iwsgp.com\/quote\/\",\"name\":\"Home - iwsgp\",\"isPartOf\":{\"@id\":\"https:\/\/iwsgp.com\/quote\/#website\"},\"datePublished\":\"2021-10-18T20:38:56+00:00\",\"dateModified\":\"2024-11-30T20:20:45+00:00\",\"inLanguage\":\"en-US\",\"potentialAction\":[{\"@type\":\"ReadAction\",\"target\":[\"https:\/\/iwsgp.com\/quote\/\"]}]},{\"@type\":\"WebSite\",\"@id\":\"https:\/\/iwsgp.com\/quote\/#website\",\"url\":\"https:\/\/iwsgp.com\/quote\/\",\"name\":\"iwsgp\",\"description\":\"iwsgp\",\"publisher\":{\"@id\":\"https:\/\/iwsgp.com\/quote\/#organization\"},\"potentialAction\":[{\"@type\":\"SearchAction\",\"target\":{\"@type\":\"EntryPoint\",\"urlTemplate\":\"https:\/\/iwsgp.com\/quote\/?s={search_term_string}\"},\"query-input\":\"required name=search_term_string\"}],\"inLanguage\":\"en-US\"},{\"@type\":\"Organization\",\"@id\":\"https:\/\/iwsgp.com\/quote\/#organization\",\"name\":\"iwsgp\",\"url\":\"https:\/\/iwsgp.com\/quote\/\",\"logo\":{\"@type\":\"ImageObject\",\"inLanguage\":\"en-US\",\"@id\":\"https:\/\/iwsgp.com\/quote\/#\/schema\/logo\/image\/\",\"url\":\"https:\/\/iwsgp.com\/quote\/wp-content\/uploads\/2021\/10\/cropped-Logo_Maxicorte-10-3.png\",\"contentUrl\":\"https:\/\/iwsgp.com\/quote\/wp-content\/uploads\/2021\/10\/cropped-Logo_Maxicorte-10-3.png\",\"width\":692,\"height\":692,\"caption\":\"iwsgp\"},\"image\":{\"@id\":\"https:\/\/iwsgp.com\/quote\/#\/schema\/logo\/image\/\"}}]}<\/script>\n<!-- \/ Yoast SEO plugin. -->","yoast_head_json":{"title":"Home - iwsgp","robots":{"index":"index","follow":"follow","max-snippet":"max-snippet:-1","max-image-preview":"max-image-preview:large","max-video-preview":"max-video-preview:-1"},"canonical":"https:\/\/iwsgp.com\/quote\/","og_locale":"en_US","og_type":"article","og_title":"Home - iwsgp","og_description":"Somos expertos en corte con chorro de agua Cotiza ahora https:\/\/iwsgp.com\/quote\/wp-content\/uploads\/2021\/10\/Video-Corte-Web-1-comprimido.mp4 Lo que ves es lo que obtienes Te aseguramos satisfacci\u00f3n en todos tus trabajos, contamos con diferentes calidades. \u00bfQuieres saber m\u00e1s? Lo que podemos hacer por ti Aqu\u00ed te decimos los servicios m\u00e1s populares Corte con chorro de agua \u00a1Cortamos todo! Dise\u00f1o \u00bfA\u00fan no &hellip; Home Read More &raquo;","og_url":"https:\/\/iwsgp.com\/quote\/","og_site_name":"iwsgp","article_modified_time":"2024-11-30T20:20:45+00:00","og_image":[{"url":"https:\/\/iwsgp.com\/quote\/wp-content\/uploads\/2021\/10\/waterjet7.jpeg"}],"twitter_card":"summary_large_image","twitter_misc":{"Est. reading time":"2 minutes"},"schema":{"@context":"https:\/\/schema.org","@graph":[{"@type":"WebPage","@id":"https:\/\/iwsgp.com\/quote\/","url":"https:\/\/iwsgp.com\/quote\/","name":"Home - iwsgp","isPartOf":{"@id":"https:\/\/iwsgp.com\/quote\/#website"},"datePublished":"2021-10-18T20:38:56+00:00","dateModified":"2024-11-30T20:20:45+00:00","inLanguage":"en-US","potentialAction":[{"@type":"ReadAction","target":["https:\/\/iwsgp.com\/quote\/"]}]},{"@type":"WebSite","@id":"https:\/\/iwsgp.com\/quote\/#website","url":"https:\/\/iwsgp.com\/quote\/","name":"iwsgp","description":"iwsgp","publisher":{"@id":"https:\/\/iwsgp.com\/quote\/#organization"},"potentialAction":[{"@type":"SearchAction","target":{"@type":"EntryPoint","urlTemplate":"https:\/\/iwsgp.com\/quote\/?s={search_term_string}"},"query-input":"required name=search_term_string"}],"inLanguage":"en-US"},{"@type":"Organization","@id":"https:\/\/iwsgp.com\/quote\/#organization","name":"iwsgp","url":"https:\/\/iwsgp.com\/quote\/","logo":{"@type":"ImageObject","inLanguage":"en-US","@id":"https:\/\/iwsgp.com\/quote\/#\/schema\/logo\/image\/","url":"https:\/\/iwsgp.com\/quote\/wp-content\/uploads\/2021\/10\/cropped-Logo_Maxicorte-10-3.png","contentUrl":"https:\/\/iwsgp.com\/quote\/wp-content\/uploads\/2021\/10\/cropped-Logo_Maxicorte-10-3.png","width":692,"height":692,"caption":"iwsgp"},"image":{"@id":"https:\/\/iwsgp.com\/quote\/#\/schema\/logo\/image\/"}}]}},"_links":{"self":[{"href":"https:\/\/iwsgp.com\/quote\/wp-json\/wp\/v2\/pages\/88","targetHints":{"allow":["GET"]}}],"collection":[{"href":"https:\/\/iwsgp.com\/quote\/wp-json\/wp\/v2\/pages"}],"about":[{"href":"https:\/\/iwsgp.com\/quote\/wp-json\/wp\/v2\/types\/page"}],"author":[{"embeddable":true,"href":"https:\/\/iwsgp.com\/quote\/wp-json\/wp\/v2\/users\/1"}],"replies":[{"embeddable":true,"href":"https:\/\/iwsgp.com\/quote\/wp-json\/wp\/v2\/comments?post=88"}],"version-history":[{"count":179,"href":"https:\/\/iwsgp.com\/quote\/wp-json\/wp\/v2\/pages\/88\/revisions"}],"predecessor-version":[{"id":1223,"href":"https:\/\/iwsgp.com\/quote\/wp-json\/wp\/v2\/pages\/88\/revisions\/1223"}],"wp:attachment":[{"href":"https:\/\/iwsgp.com\/quote\/wp-json\/wp\/v2\/media?parent=88"}],"curies":[{"name":"wp","href":"https:\/\/api.w.org\/{rel}","templated":true}]}}