{"id":62,"date":"2021-10-18T20:38:44","date_gmt":"2021-10-18T20:38:44","guid":{"rendered":"https:\/\/iwsgp.com\/wp\/our-services\/"},"modified":"2021-10-26T22:15:27","modified_gmt":"2021-10-26T22:15:27","slug":"our-services","status":"publish","type":"page","link":"https:\/\/iwsgp.com\/quote\/our-services\/","title":{"rendered":"Calidades"},"content":{"rendered":"\t\t<div data-elementor-type=\"wp-page\" data-elementor-id=\"62\" class=\"elementor elementor-62\">\n\t\t\t\t\t\t\t\t\t<section class=\"elementor-section elementor-top-section elementor-element elementor-element-7c39b63f elementor-section-boxed elementor-section-height-default elementor-section-height-default\" data-id=\"7c39b63f\" data-element_type=\"section\">\n\t\t\t\t\t\t<div class=\"elementor-container elementor-column-gap-no\">\n\t\t\t\t\t<div class=\"elementor-column elementor-col-100 elementor-top-column elementor-element elementor-element-61163afe\" data-id=\"61163afe\" data-element_type=\"column\">\n\t\t\t<div class=\"elementor-widget-wrap elementor-element-populated\">\n\t\t\t\t\t\t\t\t<div class=\"elementor-element elementor-element-58868ff0 elementor-invisible elementor-widget elementor-widget-heading\" data-id=\"58868ff0\" data-element_type=\"widget\" data-settings=\"{&quot;_animation&quot;:&quot;fadeIn&quot;,&quot;_animation_delay&quot;:&quot;200&quot;}\" data-widget_type=\"heading.default\">\n\t\t\t\t<div class=\"elementor-widget-container\">\n\t\t\t<style>\/*! elementor - v3.11.0 - 08-02-2023 *\/\n.elementor-heading-title{padding:0;margin:0;line-height:1}.elementor-widget-heading .elementor-heading-title[class*=elementor-size-]>a{color:inherit;font-size:inherit;line-height:inherit}.elementor-widget-heading .elementor-heading-title.elementor-size-small{font-size:15px}.elementor-widget-heading .elementor-heading-title.elementor-size-medium{font-size:19px}.elementor-widget-heading .elementor-heading-title.elementor-size-large{font-size:29px}.elementor-widget-heading .elementor-heading-title.elementor-size-xl{font-size:39px}.elementor-widget-heading .elementor-heading-title.elementor-size-xxl{font-size:59px}<\/style><h1 class=\"elementor-heading-title elementor-size-default\">Calidades de corte<\/h1>\t\t<\/div>\n\t\t\t\t<\/div>\n\t\t\t\t<div class=\"elementor-element elementor-element-569bea4c elementor-widget elementor-widget-text-editor\" data-id=\"569bea4c\" data-element_type=\"widget\" data-widget_type=\"text-editor.default\">\n\t\t\t\t<div class=\"elementor-widget-container\">\n\t\t\t<style>\/*! elementor - v3.11.0 - 08-02-2023 *\/\n.elementor-widget-text-editor.elementor-drop-cap-view-stacked .elementor-drop-cap{background-color:#818a91;color:#fff}.elementor-widget-text-editor.elementor-drop-cap-view-framed .elementor-drop-cap{color:#818a91;border:3px solid;background-color:transparent}.elementor-widget-text-editor:not(.elementor-drop-cap-view-default) .elementor-drop-cap{margin-top:8px}.elementor-widget-text-editor:not(.elementor-drop-cap-view-default) .elementor-drop-cap-letter{width:1em;height:1em}.elementor-widget-text-editor .elementor-drop-cap{float:left;text-align:center;line-height:1;font-size:50px}.elementor-widget-text-editor .elementor-drop-cap-letter{display:inline-block}<\/style>\t\t\t\t<p>Descubre las calidades que tenemos para ti<\/p>\t\t\t\t\t\t<\/div>\n\t\t\t\t<\/div>\n\t\t\t\t\t<\/div>\n\t\t<\/div>\n\t\t\t\t\t\t\t<\/div>\n\t\t<\/section>\n\t\t\t\t<section class=\"elementor-section elementor-top-section elementor-element elementor-element-2776c990 elementor-section-height-min-height elementor-section-boxed elementor-section-height-default elementor-section-items-middle\" data-id=\"2776c990\" data-element_type=\"section\">\n\t\t\t\t\t\t<div class=\"elementor-container elementor-column-gap-no\">\n\t\t\t\t\t<div class=\"elementor-column elementor-col-50 elementor-top-column elementor-element elementor-element-633c490f\" data-id=\"633c490f\" data-element_type=\"column\">\n\t\t\t<div class=\"elementor-widget-wrap elementor-element-populated\">\n\t\t\t\t\t\t\t\t<div class=\"elementor-element elementor-element-455e9d81 elementor-widget elementor-widget-image\" data-id=\"455e9d81\" data-element_type=\"widget\" data-widget_type=\"image.default\">\n\t\t\t\t<div class=\"elementor-widget-container\">\n\t\t\t<style>\/*! elementor - v3.11.0 - 08-02-2023 *\/\n.elementor-widget-image{text-align:center}.elementor-widget-image a{display:inline-block}.elementor-widget-image a img[src$=\".svg\"]{width:48px}.elementor-widget-image img{vertical-align:middle;display:inline-block}<\/style>\t\t\t\t\t\t\t\t\t\t\t\t<img loading=\"lazy\" decoding=\"async\" width=\"1018\" height=\"837\" src=\"https:\/\/iwsgp.com\/quote\/wp-content\/uploads\/2021\/10\/MAXIQ1-1.jpg\" class=\"attachment-large size-large wp-image-829\" alt=\"MAXIQ1-1\" srcset=\"https:\/\/iwsgp.com\/quote\/wp-content\/uploads\/2021\/10\/MAXIQ1-1.jpg 1018w, https:\/\/iwsgp.com\/quote\/wp-content\/uploads\/2021\/10\/MAXIQ1-1-300x247.jpg 300w, https:\/\/iwsgp.com\/quote\/wp-content\/uploads\/2021\/10\/MAXIQ1-1-768x631.jpg 768w\" sizes=\"auto, (max-width: 1018px) 100vw, 1018px\" \/>\t\t\t\t\t\t\t\t\t\t\t\t\t\t\t<\/div>\n\t\t\t\t<\/div>\n\t\t\t\t\t<\/div>\n\t\t<\/div>\n\t\t\t\t<div class=\"elementor-column elementor-col-50 elementor-top-column elementor-element elementor-element-238cee56\" data-id=\"238cee56\" data-element_type=\"column\" data-settings=\"{&quot;motion_fx_motion_fx_scrolling&quot;:&quot;yes&quot;,&quot;motion_fx_translateX_effect&quot;:&quot;yes&quot;,&quot;motion_fx_translateX_speed&quot;:{&quot;unit&quot;:&quot;px&quot;,&quot;size&quot;:&quot;1&quot;,&quot;sizes&quot;:[]},&quot;motion_fx_translateX_affectedRange&quot;:{&quot;unit&quot;:&quot;%&quot;,&quot;size&quot;:&quot;&quot;,&quot;sizes&quot;:{&quot;start&quot;:&quot;0&quot;,&quot;end&quot;:&quot;50&quot;}},&quot;motion_fx_devices&quot;:[&quot;desktop&quot;,&quot;tablet&quot;,&quot;mobile&quot;]}\">\n\t\t\t<div class=\"elementor-widget-wrap elementor-element-populated\">\n\t\t\t\t\t\t\t\t<div class=\"elementor-element elementor-element-3eabea42 elementor-invisible elementor-widget elementor-widget-heading\" data-id=\"3eabea42\" data-element_type=\"widget\" data-settings=\"{&quot;_animation&quot;:&quot;fadeIn&quot;,&quot;_animation_delay&quot;:&quot;500&quot;}\" data-widget_type=\"heading.default\">\n\t\t\t\t<div class=\"elementor-widget-container\">\n\t\t\t<h2 class=\"elementor-heading-title elementor-size-default\">CALIDAD 1Q<\/h2>\t\t<\/div>\n\t\t\t\t<\/div>\n\t\t\t\t<div class=\"elementor-element elementor-element-35032570 elementor-widget elementor-widget-text-editor\" data-id=\"35032570\" data-element_type=\"widget\" data-widget_type=\"text-editor.default\">\n\t\t\t\t<div class=\"elementor-widget-container\">\n\t\t\t\t\t\t\t<p>Es la calidad m\u00e1s baja y por lo tanto la m\u00e1s econ\u00f3mica, regularmente se usa para la separaci\u00f3n de materiales<\/p>\t\t\t\t\t\t<\/div>\n\t\t\t\t<\/div>\n\t\t\t\t\t<\/div>\n\t\t<\/div>\n\t\t\t\t\t\t\t<\/div>\n\t\t<\/section>\n\t\t\t\t<section class=\"elementor-section elementor-top-section elementor-element elementor-element-28ecc3a4 elementor-section-height-min-height elementor-reverse-mobile elementor-section-boxed elementor-section-height-default elementor-section-items-middle\" data-id=\"28ecc3a4\" data-element_type=\"section\">\n\t\t\t\t\t\t<div class=\"elementor-container elementor-column-gap-no\">\n\t\t\t\t\t<div class=\"elementor-column elementor-col-50 elementor-top-column elementor-element elementor-element-84935a2\" data-id=\"84935a2\" data-element_type=\"column\" data-settings=\"{&quot;motion_fx_motion_fx_scrolling&quot;:&quot;yes&quot;,&quot;motion_fx_translateX_effect&quot;:&quot;yes&quot;,&quot;motion_fx_translateX_direction&quot;:&quot;negative&quot;,&quot;motion_fx_translateX_speed&quot;:{&quot;unit&quot;:&quot;px&quot;,&quot;size&quot;:&quot;1&quot;,&quot;sizes&quot;:[]},&quot;motion_fx_translateX_affectedRange&quot;:{&quot;unit&quot;:&quot;%&quot;,&quot;size&quot;:&quot;&quot;,&quot;sizes&quot;:{&quot;start&quot;:&quot;0&quot;,&quot;end&quot;:&quot;50&quot;}},&quot;motion_fx_devices&quot;:[&quot;desktop&quot;,&quot;tablet&quot;,&quot;mobile&quot;]}\">\n\t\t\t<div class=\"elementor-widget-wrap elementor-element-populated\">\n\t\t\t\t\t\t\t\t<div class=\"elementor-element elementor-element-1fab1eef elementor-invisible elementor-widget elementor-widget-heading\" data-id=\"1fab1eef\" data-element_type=\"widget\" data-settings=\"{&quot;_animation&quot;:&quot;fadeIn&quot;,&quot;_animation_delay&quot;:&quot;200&quot;}\" data-widget_type=\"heading.default\">\n\t\t\t\t<div class=\"elementor-widget-container\">\n\t\t\t<h2 class=\"elementor-heading-title elementor-size-default\">CALIDAD 2Q<\/h2>\t\t<\/div>\n\t\t\t\t<\/div>\n\t\t\t\t<div class=\"elementor-element elementor-element-7b308549 elementor-widget elementor-widget-text-editor\" data-id=\"7b308549\" data-element_type=\"widget\" data-widget_type=\"text-editor.default\">\n\t\t\t\t<div class=\"elementor-widget-container\">\n\t\t\t\t\t\t\t<p>Una calidad un poco m\u00e1s fina en comparaci\u00f3n con la calidad 1Q, puedes maquinar tus piezas con m\u00e1s facilidad.<\/p>\t\t\t\t\t\t<\/div>\n\t\t\t\t<\/div>\n\t\t\t\t\t<\/div>\n\t\t<\/div>\n\t\t\t\t<div class=\"elementor-column elementor-col-50 elementor-top-column elementor-element elementor-element-54ccba01\" data-id=\"54ccba01\" data-element_type=\"column\">\n\t\t\t<div class=\"elementor-widget-wrap elementor-element-populated\">\n\t\t\t\t\t\t\t\t<div class=\"elementor-element elementor-element-6a896535 elementor-widget elementor-widget-image\" data-id=\"6a896535\" data-element_type=\"widget\" data-widget_type=\"image.default\">\n\t\t\t\t<div class=\"elementor-widget-container\">\n\t\t\t\t\t\t\t\t\t\t\t\t\t\t\t<img loading=\"lazy\" decoding=\"async\" width=\"1021\" height=\"833\" src=\"https:\/\/iwsgp.com\/quote\/wp-content\/uploads\/2021\/10\/MaxiQ-2.jpg\" class=\"attachment-large size-large wp-image-834\" alt=\"\" srcset=\"https:\/\/iwsgp.com\/quote\/wp-content\/uploads\/2021\/10\/MaxiQ-2.jpg 1021w, https:\/\/iwsgp.com\/quote\/wp-content\/uploads\/2021\/10\/MaxiQ-2-300x245.jpg 300w, https:\/\/iwsgp.com\/quote\/wp-content\/uploads\/2021\/10\/MaxiQ-2-768x627.jpg 768w\" sizes=\"auto, (max-width: 1021px) 100vw, 1021px\" \/>\t\t\t\t\t\t\t\t\t\t\t\t\t\t\t<\/div>\n\t\t\t\t<\/div>\n\t\t\t\t\t<\/div>\n\t\t<\/div>\n\t\t\t\t\t\t\t<\/div>\n\t\t<\/section>\n\t\t\t\t<section class=\"elementor-section elementor-top-section elementor-element elementor-element-f492311 elementor-section-height-min-height elementor-section-boxed elementor-section-height-default elementor-section-items-middle\" data-id=\"f492311\" data-element_type=\"section\">\n\t\t\t\t\t\t<div class=\"elementor-container elementor-column-gap-no\">\n\t\t\t\t\t<div class=\"elementor-column elementor-col-50 elementor-top-column elementor-element elementor-element-18c00b63\" data-id=\"18c00b63\" data-element_type=\"column\">\n\t\t\t<div class=\"elementor-widget-wrap elementor-element-populated\">\n\t\t\t\t\t\t\t\t<div class=\"elementor-element elementor-element-540548a3 elementor-widget elementor-widget-image\" data-id=\"540548a3\" data-element_type=\"widget\" data-widget_type=\"image.default\">\n\t\t\t\t<div class=\"elementor-widget-container\">\n\t\t\t\t\t\t\t\t\t\t\t\t\t\t\t<img loading=\"lazy\" decoding=\"async\" width=\"1019\" height=\"832\" src=\"https:\/\/iwsgp.com\/quote\/wp-content\/uploads\/2021\/10\/MaxiQ-3.jpg\" class=\"attachment-large size-large wp-image-838\" alt=\"MaxiQ 3\" srcset=\"https:\/\/iwsgp.com\/quote\/wp-content\/uploads\/2021\/10\/MaxiQ-3.jpg 1019w, https:\/\/iwsgp.com\/quote\/wp-content\/uploads\/2021\/10\/MaxiQ-3-300x245.jpg 300w, https:\/\/iwsgp.com\/quote\/wp-content\/uploads\/2021\/10\/MaxiQ-3-768x627.jpg 768w\" sizes=\"auto, (max-width: 1019px) 100vw, 1019px\" \/>\t\t\t\t\t\t\t\t\t\t\t\t\t\t\t<\/div>\n\t\t\t\t<\/div>\n\t\t\t\t\t<\/div>\n\t\t<\/div>\n\t\t\t\t<div class=\"elementor-column elementor-col-50 elementor-top-column elementor-element elementor-element-20f84483\" data-id=\"20f84483\" data-element_type=\"column\" data-settings=\"{&quot;motion_fx_motion_fx_scrolling&quot;:&quot;yes&quot;,&quot;motion_fx_translateX_effect&quot;:&quot;yes&quot;,&quot;motion_fx_translateX_speed&quot;:{&quot;unit&quot;:&quot;px&quot;,&quot;size&quot;:&quot;1&quot;,&quot;sizes&quot;:[]},&quot;motion_fx_translateX_affectedRange&quot;:{&quot;unit&quot;:&quot;%&quot;,&quot;size&quot;:&quot;&quot;,&quot;sizes&quot;:{&quot;start&quot;:0,&quot;end&quot;:100}},&quot;motion_fx_devices&quot;:[&quot;desktop&quot;,&quot;tablet&quot;,&quot;mobile&quot;]}\">\n\t\t\t<div class=\"elementor-widget-wrap elementor-element-populated\">\n\t\t\t\t\t\t\t\t<div class=\"elementor-element elementor-element-57bf805d elementor-invisible elementor-widget elementor-widget-heading\" data-id=\"57bf805d\" data-element_type=\"widget\" data-settings=\"{&quot;_animation&quot;:&quot;fadeIn&quot;,&quot;_animation_delay&quot;:&quot;200&quot;}\" data-widget_type=\"heading.default\">\n\t\t\t\t<div class=\"elementor-widget-container\">\n\t\t\t<h2 class=\"elementor-heading-title elementor-size-default\">CALIDAD 3Q<\/h2>\t\t<\/div>\n\t\t\t\t<\/div>\n\t\t\t\t<div class=\"elementor-element elementor-element-6dfde84c elementor-widget elementor-widget-text-editor\" data-id=\"6dfde84c\" data-element_type=\"widget\" data-widget_type=\"text-editor.default\">\n\t\t\t\t<div class=\"elementor-widget-container\">\n\t\t\t\t\t\t\t<p>Esta es nuestra calidad intermedia, las estrias al final de la pieza son menos visibles y por lo tanto dejan piezas m\u00e1s precisas.<\/p>\t\t\t\t\t\t<\/div>\n\t\t\t\t<\/div>\n\t\t\t\t\t<\/div>\n\t\t<\/div>\n\t\t\t\t\t\t\t<\/div>\n\t\t<\/section>\n\t\t\t\t<section class=\"elementor-section elementor-top-section elementor-element elementor-element-76cd3154 elementor-section-height-min-height elementor-reverse-mobile elementor-section-boxed elementor-section-height-default elementor-section-items-middle\" data-id=\"76cd3154\" data-element_type=\"section\">\n\t\t\t\t\t\t<div class=\"elementor-container elementor-column-gap-no\">\n\t\t\t\t\t<div class=\"elementor-column elementor-col-50 elementor-top-column elementor-element elementor-element-4d25b4c0\" data-id=\"4d25b4c0\" data-element_type=\"column\" data-settings=\"{&quot;motion_fx_motion_fx_scrolling&quot;:&quot;yes&quot;,&quot;motion_fx_translateX_effect&quot;:&quot;yes&quot;,&quot;motion_fx_translateX_direction&quot;:&quot;negative&quot;,&quot;motion_fx_translateX_speed&quot;:{&quot;unit&quot;:&quot;px&quot;,&quot;size&quot;:&quot;1&quot;,&quot;sizes&quot;:[]},&quot;motion_fx_translateX_affectedRange&quot;:{&quot;unit&quot;:&quot;%&quot;,&quot;size&quot;:&quot;&quot;,&quot;sizes&quot;:{&quot;start&quot;:&quot;0&quot;,&quot;end&quot;:&quot;50&quot;}},&quot;motion_fx_devices&quot;:[&quot;desktop&quot;,&quot;tablet&quot;,&quot;mobile&quot;]}\">\n\t\t\t<div class=\"elementor-widget-wrap elementor-element-populated\">\n\t\t\t\t\t\t\t\t<div class=\"elementor-element elementor-element-6ea385f7 elementor-invisible elementor-widget elementor-widget-heading\" data-id=\"6ea385f7\" data-element_type=\"widget\" data-settings=\"{&quot;_animation&quot;:&quot;fadeIn&quot;,&quot;_animation_delay&quot;:&quot;200&quot;}\" data-widget_type=\"heading.default\">\n\t\t\t\t<div class=\"elementor-widget-container\">\n\t\t\t<h2 class=\"elementor-heading-title elementor-size-default\">CALIDAD 4Q<\/h2>\t\t<\/div>\n\t\t\t\t<\/div>\n\t\t\t\t<div class=\"elementor-element elementor-element-2b73f18a elementor-widget elementor-widget-text-editor\" data-id=\"2b73f18a\" data-element_type=\"widget\" data-widget_type=\"text-editor.default\">\n\t\t\t\t<div class=\"elementor-widget-container\">\n\t\t\t\t\t\t\t<p>Es una de nuestras mejores calidades, eso significa que la pieza tarda m\u00e1s tiempo en cortarse, con un acabado agradable y suave al tacto.<\/p>\t\t\t\t\t\t<\/div>\n\t\t\t\t<\/div>\n\t\t\t\t\t<\/div>\n\t\t<\/div>\n\t\t\t\t<div class=\"elementor-column elementor-col-50 elementor-top-column elementor-element elementor-element-56388ada\" data-id=\"56388ada\" data-element_type=\"column\">\n\t\t\t<div class=\"elementor-widget-wrap elementor-element-populated\">\n\t\t\t\t\t\t\t\t<div class=\"elementor-element elementor-element-4e2b4e1 elementor-widget elementor-widget-image\" data-id=\"4e2b4e1\" data-element_type=\"widget\" data-widget_type=\"image.default\">\n\t\t\t\t<div class=\"elementor-widget-container\">\n\t\t\t\t\t\t\t\t\t\t\t\t\t\t\t<img loading=\"lazy\" decoding=\"async\" width=\"1017\" height=\"827\" src=\"https:\/\/iwsgp.com\/quote\/wp-content\/uploads\/2021\/10\/Maxi-4Q.jpg\" class=\"attachment-large size-large wp-image-843\" alt=\"Maxi 4Q\" srcset=\"https:\/\/iwsgp.com\/quote\/wp-content\/uploads\/2021\/10\/Maxi-4Q.jpg 1017w, https:\/\/iwsgp.com\/quote\/wp-content\/uploads\/2021\/10\/Maxi-4Q-300x244.jpg 300w, https:\/\/iwsgp.com\/quote\/wp-content\/uploads\/2021\/10\/Maxi-4Q-768x625.jpg 768w\" sizes=\"auto, (max-width: 1017px) 100vw, 1017px\" \/>\t\t\t\t\t\t\t\t\t\t\t\t\t\t\t<\/div>\n\t\t\t\t<\/div>\n\t\t\t\t\t<\/div>\n\t\t<\/div>\n\t\t\t\t\t\t\t<\/div>\n\t\t<\/section>\n\t\t\t\t<section class=\"elementor-section elementor-top-section elementor-element elementor-element-45870134 elementor-section-height-min-height elementor-section-boxed elementor-section-height-default elementor-section-items-middle\" data-id=\"45870134\" data-element_type=\"section\">\n\t\t\t\t\t\t<div class=\"elementor-container elementor-column-gap-no\">\n\t\t\t\t\t<div class=\"elementor-column elementor-col-50 elementor-top-column elementor-element elementor-element-5ec444cc\" data-id=\"5ec444cc\" data-element_type=\"column\">\n\t\t\t<div class=\"elementor-widget-wrap elementor-element-populated\">\n\t\t\t\t\t\t\t\t<div class=\"elementor-element elementor-element-69465bf9 elementor-widget elementor-widget-image\" data-id=\"69465bf9\" data-element_type=\"widget\" data-widget_type=\"image.default\">\n\t\t\t\t<div class=\"elementor-widget-container\">\n\t\t\t\t\t\t\t\t\t\t\t\t\t\t\t<img loading=\"lazy\" decoding=\"async\" width=\"973\" height=\"767\" src=\"https:\/\/iwsgp.com\/quote\/wp-content\/uploads\/2021\/10\/MaxiQ5.jpg\" class=\"attachment-large size-large wp-image-847\" alt=\"MaxiQ5\" srcset=\"https:\/\/iwsgp.com\/quote\/wp-content\/uploads\/2021\/10\/MaxiQ5.jpg 973w, https:\/\/iwsgp.com\/quote\/wp-content\/uploads\/2021\/10\/MaxiQ5-300x236.jpg 300w, https:\/\/iwsgp.com\/quote\/wp-content\/uploads\/2021\/10\/MaxiQ5-768x605.jpg 768w\" sizes=\"auto, (max-width: 973px) 100vw, 973px\" \/>\t\t\t\t\t\t\t\t\t\t\t\t\t\t\t<\/div>\n\t\t\t\t<\/div>\n\t\t\t\t\t<\/div>\n\t\t<\/div>\n\t\t\t\t<div class=\"elementor-column elementor-col-50 elementor-top-column elementor-element elementor-element-33f7b853\" data-id=\"33f7b853\" data-element_type=\"column\" data-settings=\"{&quot;motion_fx_motion_fx_scrolling&quot;:&quot;yes&quot;,&quot;motion_fx_translateX_effect&quot;:&quot;yes&quot;,&quot;motion_fx_translateX_speed&quot;:{&quot;unit&quot;:&quot;px&quot;,&quot;size&quot;:&quot;1&quot;,&quot;sizes&quot;:[]},&quot;motion_fx_translateX_affectedRange&quot;:{&quot;unit&quot;:&quot;%&quot;,&quot;size&quot;:&quot;&quot;,&quot;sizes&quot;:{&quot;start&quot;:&quot;0&quot;,&quot;end&quot;:&quot;50&quot;}},&quot;motion_fx_devices&quot;:[&quot;desktop&quot;,&quot;tablet&quot;,&quot;mobile&quot;]}\">\n\t\t\t<div class=\"elementor-widget-wrap elementor-element-populated\">\n\t\t\t\t\t\t\t\t<div class=\"elementor-element elementor-element-4517d81b elementor-invisible elementor-widget elementor-widget-heading\" data-id=\"4517d81b\" data-element_type=\"widget\" data-settings=\"{&quot;_animation&quot;:&quot;fadeIn&quot;,&quot;_animation_delay&quot;:&quot;200&quot;}\" data-widget_type=\"heading.default\">\n\t\t\t\t<div class=\"elementor-widget-container\">\n\t\t\t<h2 class=\"elementor-heading-title elementor-size-default\">CALIDAD 5Q<\/h2>\t\t<\/div>\n\t\t\t\t<\/div>\n\t\t\t\t<div class=\"elementor-element elementor-element-2daae53c elementor-widget elementor-widget-text-editor\" data-id=\"2daae53c\" data-element_type=\"widget\" data-widget_type=\"text-editor.default\">\n\t\t\t\t<div class=\"elementor-widget-container\">\n\t\t\t\t\t\t\t<p>Esta calidad regularmente se usa para art\u00edculos cosm\u00e9ticos que requieren un corte perfectamente recto.<\/p>\t\t\t\t\t\t<\/div>\n\t\t\t\t<\/div>\n\t\t\t\t\t<\/div>\n\t\t<\/div>\n\t\t\t\t\t\t\t<\/div>\n\t\t<\/section>\n\t\t\t\t\t\t\t<\/div>\n\t\t","protected":false},"excerpt":{"rendered":"<p>Calidades de corte Descubre las calidades que tenemos para ti CALIDAD 1Q Es la calidad m\u00e1s baja y por lo tanto la m\u00e1s econ\u00f3mica, regularmente se usa para la separaci\u00f3n de materiales CALIDAD 2Q Una calidad un poco m\u00e1s fina en comparaci\u00f3n con la calidad 1Q, puedes maquinar tus piezas con m\u00e1s facilidad. CALIDAD 3Q &hellip;<\/p>\n<p class=\"read-more\"> <a class=\"\" href=\"https:\/\/iwsgp.com\/quote\/our-services\/\"> <span class=\"screen-reader-text\">Calidades<\/span> Read More &raquo;<\/a><\/p>\n","protected":false},"author":1,"featured_media":0,"parent":0,"menu_order":0,"comment_status":"closed","ping_status":"closed","template":"","meta":{"footnotes":""},"class_list":["post-62","page","type-page","status-publish","hentry"],"yoast_head":"<!-- This site is optimized with the Yoast SEO plugin v20.1 - https:\/\/yoast.com\/wordpress\/plugins\/seo\/ -->\n<title>Calidades - iwsgp<\/title>\n<meta name=\"robots\" content=\"index, follow, max-snippet:-1, max-image-preview:large, max-video-preview:-1\" \/>\n<link rel=\"canonical\" href=\"https:\/\/iwsgp.com\/quote\/our-services\/\" \/>\n<meta property=\"og:locale\" content=\"en_US\" \/>\n<meta property=\"og:type\" content=\"article\" \/>\n<meta property=\"og:title\" content=\"Calidades - iwsgp\" \/>\n<meta property=\"og:description\" content=\"Calidades de corte Descubre las calidades que tenemos para ti CALIDAD 1Q Es la calidad m\u00e1s baja y por lo tanto la m\u00e1s econ\u00f3mica, regularmente se usa para la separaci\u00f3n de materiales CALIDAD 2Q Una calidad un poco m\u00e1s fina en comparaci\u00f3n con la calidad 1Q, puedes maquinar tus piezas con m\u00e1s facilidad. CALIDAD 3Q &hellip; Calidades Read More &raquo;\" \/>\n<meta property=\"og:url\" content=\"https:\/\/iwsgp.com\/quote\/our-services\/\" \/>\n<meta property=\"og:site_name\" content=\"iwsgp\" \/>\n<meta property=\"article:modified_time\" content=\"2021-10-26T22:15:27+00:00\" \/>\n<meta property=\"og:image\" content=\"https:\/\/iwsgp.com\/wp\/wp-content\/uploads\/2021\/10\/MAXIQ1-1.jpg\" \/>\n<meta name=\"twitter:card\" content=\"summary_large_image\" \/>\n<meta name=\"twitter:label1\" content=\"Est. reading time\" \/>\n\t<meta name=\"twitter:data1\" content=\"1 minute\" \/>\n<script type=\"application\/ld+json\" class=\"yoast-schema-graph\">{\"@context\":\"https:\/\/schema.org\",\"@graph\":[{\"@type\":\"WebPage\",\"@id\":\"https:\/\/iwsgp.com\/quote\/our-services\/\",\"url\":\"https:\/\/iwsgp.com\/quote\/our-services\/\",\"name\":\"Calidades - iwsgp\",\"isPartOf\":{\"@id\":\"https:\/\/iwsgp.com\/quote\/#website\"},\"datePublished\":\"2021-10-18T20:38:44+00:00\",\"dateModified\":\"2021-10-26T22:15:27+00:00\",\"inLanguage\":\"en-US\",\"potentialAction\":[{\"@type\":\"ReadAction\",\"target\":[\"https:\/\/iwsgp.com\/quote\/our-services\/\"]}]},{\"@type\":\"WebSite\",\"@id\":\"https:\/\/iwsgp.com\/quote\/#website\",\"url\":\"https:\/\/iwsgp.com\/quote\/\",\"name\":\"iwsgp\",\"description\":\"iwsgp\",\"publisher\":{\"@id\":\"https:\/\/iwsgp.com\/quote\/#organization\"},\"potentialAction\":[{\"@type\":\"SearchAction\",\"target\":{\"@type\":\"EntryPoint\",\"urlTemplate\":\"https:\/\/iwsgp.com\/quote\/?s={search_term_string}\"},\"query-input\":\"required name=search_term_string\"}],\"inLanguage\":\"en-US\"},{\"@type\":\"Organization\",\"@id\":\"https:\/\/iwsgp.com\/quote\/#organization\",\"name\":\"iwsgp\",\"url\":\"https:\/\/iwsgp.com\/quote\/\",\"logo\":{\"@type\":\"ImageObject\",\"inLanguage\":\"en-US\",\"@id\":\"https:\/\/iwsgp.com\/quote\/#\/schema\/logo\/image\/\",\"url\":\"https:\/\/iwsgp.com\/quote\/wp-content\/uploads\/2021\/10\/cropped-Logo_Maxicorte-10-3.png\",\"contentUrl\":\"https:\/\/iwsgp.com\/quote\/wp-content\/uploads\/2021\/10\/cropped-Logo_Maxicorte-10-3.png\",\"width\":692,\"height\":692,\"caption\":\"iwsgp\"},\"image\":{\"@id\":\"https:\/\/iwsgp.com\/quote\/#\/schema\/logo\/image\/\"}}]}<\/script>\n<!-- \/ Yoast SEO plugin. -->","yoast_head_json":{"title":"Calidades - iwsgp","robots":{"index":"index","follow":"follow","max-snippet":"max-snippet:-1","max-image-preview":"max-image-preview:large","max-video-preview":"max-video-preview:-1"},"canonical":"https:\/\/iwsgp.com\/quote\/our-services\/","og_locale":"en_US","og_type":"article","og_title":"Calidades - iwsgp","og_description":"Calidades de corte Descubre las calidades que tenemos para ti CALIDAD 1Q Es la calidad m\u00e1s baja y por lo tanto la m\u00e1s econ\u00f3mica, regularmente se usa para la separaci\u00f3n de materiales CALIDAD 2Q Una calidad un poco m\u00e1s fina en comparaci\u00f3n con la calidad 1Q, puedes maquinar tus piezas con m\u00e1s facilidad. CALIDAD 3Q &hellip; Calidades Read More &raquo;","og_url":"https:\/\/iwsgp.com\/quote\/our-services\/","og_site_name":"iwsgp","article_modified_time":"2021-10-26T22:15:27+00:00","og_image":[{"url":"https:\/\/iwsgp.com\/wp\/wp-content\/uploads\/2021\/10\/MAXIQ1-1.jpg"}],"twitter_card":"summary_large_image","twitter_misc":{"Est. reading time":"1 minute"},"schema":{"@context":"https:\/\/schema.org","@graph":[{"@type":"WebPage","@id":"https:\/\/iwsgp.com\/quote\/our-services\/","url":"https:\/\/iwsgp.com\/quote\/our-services\/","name":"Calidades - iwsgp","isPartOf":{"@id":"https:\/\/iwsgp.com\/quote\/#website"},"datePublished":"2021-10-18T20:38:44+00:00","dateModified":"2021-10-26T22:15:27+00:00","inLanguage":"en-US","potentialAction":[{"@type":"ReadAction","target":["https:\/\/iwsgp.com\/quote\/our-services\/"]}]},{"@type":"WebSite","@id":"https:\/\/iwsgp.com\/quote\/#website","url":"https:\/\/iwsgp.com\/quote\/","name":"iwsgp","description":"iwsgp","publisher":{"@id":"https:\/\/iwsgp.com\/quote\/#organization"},"potentialAction":[{"@type":"SearchAction","target":{"@type":"EntryPoint","urlTemplate":"https:\/\/iwsgp.com\/quote\/?s={search_term_string}"},"query-input":"required name=search_term_string"}],"inLanguage":"en-US"},{"@type":"Organization","@id":"https:\/\/iwsgp.com\/quote\/#organization","name":"iwsgp","url":"https:\/\/iwsgp.com\/quote\/","logo":{"@type":"ImageObject","inLanguage":"en-US","@id":"https:\/\/iwsgp.com\/quote\/#\/schema\/logo\/image\/","url":"https:\/\/iwsgp.com\/quote\/wp-content\/uploads\/2021\/10\/cropped-Logo_Maxicorte-10-3.png","contentUrl":"https:\/\/iwsgp.com\/quote\/wp-content\/uploads\/2021\/10\/cropped-Logo_Maxicorte-10-3.png","width":692,"height":692,"caption":"iwsgp"},"image":{"@id":"https:\/\/iwsgp.com\/quote\/#\/schema\/logo\/image\/"}}]}},"_links":{"self":[{"href":"https:\/\/iwsgp.com\/quote\/wp-json\/wp\/v2\/pages\/62","targetHints":{"allow":["GET"]}}],"collection":[{"href":"https:\/\/iwsgp.com\/quote\/wp-json\/wp\/v2\/pages"}],"about":[{"href":"https:\/\/iwsgp.com\/quote\/wp-json\/wp\/v2\/types\/page"}],"author":[{"embeddable":true,"href":"https:\/\/iwsgp.com\/quote\/wp-json\/wp\/v2\/users\/1"}],"replies":[{"embeddable":true,"href":"https:\/\/iwsgp.com\/quote\/wp-json\/wp\/v2\/comments?post=62"}],"version-history":[{"count":22,"href":"https:\/\/iwsgp.com\/quote\/wp-json\/wp\/v2\/pages\/62\/revisions"}],"predecessor-version":[{"id":860,"href":"https:\/\/iwsgp.com\/quote\/wp-json\/wp\/v2\/pages\/62\/revisions\/860"}],"wp:attachment":[{"href":"https:\/\/iwsgp.com\/quote\/wp-json\/wp\/v2\/media?parent=62"}],"curies":[{"name":"wp","href":"https:\/\/api.w.org\/{rel}","templated":true}]}}